{"id":575,"date":"2024-03-02T00:47:50","date_gmt":"2024-03-01T23:47:50","guid":{"rendered":"https:\/\/perfumesdetentacion.com\/?page_id=575"},"modified":"2024-03-05T19:05:53","modified_gmt":"2024-03-05T18:05:53","slug":"aviso-legal","status":"publish","type":"page","link":"https:\/\/perfumesdetentacion.com\/index.php\/aviso-legal\/","title":{"rendered":"Aviso Legal"},"content":{"rendered":"\t\t<div data-elementor-type=\"wp-page\" data-elementor-id=\"575\" class=\"elementor elementor-575\" data-elementor-post-type=\"page\">\n\t\t\t\t<div class=\"elementor-element elementor-element-34a1f51 e-flex e-con-boxed e-con e-parent\" data-id=\"34a1f51\" data-element_type=\"container\" data-e-type=\"container\">\n\t\t\t\t\t<div class=\"e-con-inner\">\n\t\t\t\t<div class=\"elementor-element elementor-element-23ee2a3 elementor-widget elementor-widget-spacer\" data-id=\"23ee2a3\" data-element_type=\"widget\" data-e-type=\"widget\" data-widget_type=\"spacer.default\">\n\t\t\t\t<div class=\"elementor-widget-container\">\n\t\t\t\t\t\t\t<div class=\"elementor-spacer\">\n\t\t\t<div class=\"elementor-spacer-inner\"><\/div>\n\t\t<\/div>\n\t\t\t\t\t\t<\/div>\n\t\t\t\t<\/div>\n\t\t\t\t<div class=\"elementor-element elementor-element-da7bbc7 elementor-widget elementor-widget-heading\" data-id=\"da7bbc7\" data-element_type=\"widget\" data-e-type=\"widget\" data-widget_type=\"heading.default\">\n\t\t\t\t<div class=\"elementor-widget-container\">\n\t\t\t\t\t<h2 class=\"elementor-heading-title elementor-size-default\">Aviso Legal<\/h2>\t\t\t\t<\/div>\n\t\t\t\t<\/div>\n\t\t\t\t<div class=\"elementor-element elementor-element-aa83b08 elementor-widget elementor-widget-spacer\" data-id=\"aa83b08\" data-element_type=\"widget\" data-e-type=\"widget\" data-widget_type=\"spacer.default\">\n\t\t\t\t<div class=\"elementor-widget-container\">\n\t\t\t\t\t\t\t<div class=\"elementor-spacer\">\n\t\t\t<div class=\"elementor-spacer-inner\"><\/div>\n\t\t<\/div>\n\t\t\t\t\t\t<\/div>\n\t\t\t\t<\/div>\n\t\t\t\t<div class=\"elementor-element elementor-element-32313c2 elementor-widget elementor-widget-text-editor\" data-id=\"32313c2\" data-element_type=\"widget\" data-e-type=\"widget\" data-widget_type=\"text-editor.default\">\n\t\t\t\t<div class=\"elementor-widget-container\">\n\t\t\t\t\t\t\t\t\t<p><strong>Cl\u00e1usula informativa (art. 5 LOPD)<\/strong><\/p><p>En cumplimiento con lo establecido en la Ley Org\u00e1nica 15\/1999, de 13 de diciembre, de Protecci\u00f3n de Datos de Car\u00e1cter Personal, le informamos que sus datos personales ser\u00e1n tratados y quedar\u00e1n incorporados en ficheros responsabilidad de PERFUMES DE TENTACI\u00d3N registrados en la Agencia Espa\u00f1ola de Protecci\u00f3n de Datos.<\/p><p>Los datos que se le solicitan resultan necesarios, de manera que de no facilitarlos no ser\u00e1 posible la prestaci\u00f3n del servicio requerido, por lo que en este sentido, usted consiente expresamente la recogida y el tratamiento de los mismos para la citada finalidad.<\/p><p>De igual forma, autoriza la comunicaci\u00f3n y cesi\u00f3n de sus datos de car\u00e1cter personal a las entidades P\u00fablicas o privadas que requieran los mismos para la finalidad de cumplir con las obligaciones de car\u00e1cter legal (fiscal, laboral o cualquier otro), realiz\u00e1ndose la comunicaci\u00f3n \u00fanicamente para este fin.<\/p><p>En todo caso, puede ejercitar los derechos de acceso, rectificaci\u00f3n, cancelaci\u00f3n y oposici\u00f3n dirigi\u00e9ndose a la sede social, sita en Calle Franciscanos 35 (Albacete)<\/p><p>Le rogamos que en el supuesto de producirse alguna modificaci\u00f3n en sus datos de car\u00e1cter personal, nos lo comunique con el fin de mantener actualizados los mismos.<\/p><h3>Protecci\u00f3n de la Propiedad Intelectual<\/h3><p>El contenido de esta p\u00e1gina web es propiedad de PERFUMES DE TENTACI\u00d3N La legislaci\u00f3n sobre Propiedad Intelectual le confiere el derecho exclusivo sobre dicho contenido.<\/p><p>Por todo ello, PERFUMES DE TENTACI\u00d3N proh\u00edbe su uso parcial o total a terceras personas, salvo convenio por escrito en este sentido. En consecuencia, queda expresamente prohibida la reproducci\u00f3n total o parcial, por cualquier medio f\u00edsico o electr\u00f3nico, del contenido de esta p\u00e1gina web.<\/p><p>PERFUMES DE TENTACI\u00d3N adoptar\u00e1 todas las medias legales oportunas para evitar el uso no autorizado del contenido de la p\u00e1gina web<\/p>\t\t\t\t\t\t\t\t<\/div>\n\t\t\t\t<\/div>\n\t\t\t\t<div class=\"elementor-element elementor-element-56fa788 elementor-widget elementor-widget-spacer\" data-id=\"56fa788\" data-element_type=\"widget\" data-e-type=\"widget\" data-widget_type=\"spacer.default\">\n\t\t\t\t<div class=\"elementor-widget-container\">\n\t\t\t\t\t\t\t<div class=\"elementor-spacer\">\n\t\t\t<div class=\"elementor-spacer-inner\"><\/div>\n\t\t<\/div>\n\t\t\t\t\t\t<\/div>\n\t\t\t\t<\/div>\n\t\t\t\t\t<\/div>\n\t\t\t\t<\/div>\n\t\t\t\t<\/div>\n\t\t","protected":false},"excerpt":{"rendered":"<p>Aviso Legal Cl\u00e1usula informativa (art. 5 LOPD) En cumplimiento con lo establecido en la Ley Org\u00e1nica 15\/1999, de 13 de diciembre, de Protecci\u00f3n de Datos de Car\u00e1cter Personal, le informamos que sus datos personales ser\u00e1n tratados y quedar\u00e1n incorporados en ficheros responsabilidad de PERFUMES DE TENTACI\u00d3N registrados en la Agencia Espa\u00f1ola de Protecci\u00f3n de Datos. &#8230; <a title=\"Aviso Legal\" class=\"read-more\" href=\"https:\/\/perfumesdetentacion.com\/index.php\/aviso-legal\/\" aria-label=\"Leer m\u00e1s sobre Aviso Legal\">Leer m\u00e1s<\/a><\/p>\n","protected":false},"author":1,"featured_media":0,"parent":0,"menu_order":0,"comment_status":"closed","ping_status":"closed","template":"elementor_header_footer","meta":{"footnotes":""},"class_list":["post-575","page","type-page","status-publish"],"yoast_head":"<!-- This site is optimized with the Yoast SEO plugin v27.3 - https:\/\/yoast.com\/product\/yoast-seo-wordpress\/ -->\n<title>Aviso Legal - Perfumes de Tentaci\u00f3n<\/title>\n<meta name=\"robots\" content=\"noindex, nofollow\" \/>\n<meta property=\"og:locale\" content=\"es_ES\" \/>\n<meta property=\"og:type\" content=\"article\" \/>\n<meta property=\"og:title\" content=\"Aviso Legal - Perfumes de Tentaci\u00f3n\" \/>\n<meta property=\"og:description\" content=\"Aviso Legal Cl\u00e1usula informativa (art. 5 LOPD) En cumplimiento con lo establecido en la Ley Org\u00e1nica 15\/1999, de 13 de diciembre, de Protecci\u00f3n de Datos de Car\u00e1cter Personal, le informamos que sus datos personales ser\u00e1n tratados y quedar\u00e1n incorporados en ficheros responsabilidad de PERFUMES DE TENTACI\u00d3N registrados en la Agencia Espa\u00f1ola de Protecci\u00f3n de Datos. ... Leer m\u00e1s\" \/>\n<meta property=\"og:url\" content=\"https:\/\/perfumesdetentacion.com\/index.php\/aviso-legal\/\" \/>\n<meta property=\"og:site_name\" content=\"Perfumes de Tentaci\u00f3n\" \/>\n<meta property=\"article:publisher\" content=\"https:\/\/www.facebook.com\/PerfumesdeTentacion\/\" \/>\n<meta property=\"article:modified_time\" content=\"2024-03-05T18:05:53+00:00\" \/>\n<meta name=\"twitter:card\" content=\"summary_large_image\" \/>\n<meta name=\"twitter:label1\" content=\"Tiempo de lectura\" \/>\n\t<meta name=\"twitter:data1\" content=\"2 minutos\" \/>\n<script type=\"application\/ld+json\" class=\"yoast-schema-graph\">{\"@context\":\"https:\\\/\\\/schema.org\",\"@graph\":[{\"@type\":\"WebPage\",\"@id\":\"https:\\\/\\\/perfumesdetentacion.com\\\/index.php\\\/aviso-legal\\\/\",\"url\":\"https:\\\/\\\/perfumesdetentacion.com\\\/index.php\\\/aviso-legal\\\/\",\"name\":\"Aviso Legal - Perfumes de Tentaci\u00f3n\",\"isPartOf\":{\"@id\":\"https:\\\/\\\/perfumesdetentacion.com\\\/#website\"},\"datePublished\":\"2024-03-01T23:47:50+00:00\",\"dateModified\":\"2024-03-05T18:05:53+00:00\",\"breadcrumb\":{\"@id\":\"https:\\\/\\\/perfumesdetentacion.com\\\/index.php\\\/aviso-legal\\\/#breadcrumb\"},\"inLanguage\":\"es\",\"potentialAction\":[{\"@type\":\"ReadAction\",\"target\":[\"https:\\\/\\\/perfumesdetentacion.com\\\/index.php\\\/aviso-legal\\\/\"]}]},{\"@type\":\"BreadcrumbList\",\"@id\":\"https:\\\/\\\/perfumesdetentacion.com\\\/index.php\\\/aviso-legal\\\/#breadcrumb\",\"itemListElement\":[{\"@type\":\"ListItem\",\"position\":1,\"name\":\"Portada\",\"item\":\"https:\\\/\\\/perfumesdetentacion.com\\\/\"},{\"@type\":\"ListItem\",\"position\":2,\"name\":\"Aviso Legal\"}]},{\"@type\":\"WebSite\",\"@id\":\"https:\\\/\\\/perfumesdetentacion.com\\\/#website\",\"url\":\"https:\\\/\\\/perfumesdetentacion.com\\\/\",\"name\":\"Perfumes de Tentaci\u00f3n\",\"description\":\"Perfumes de Equivalencia de buena calidad al mejor precio.\",\"publisher\":{\"@id\":\"https:\\\/\\\/perfumesdetentacion.com\\\/#organization\"},\"alternateName\":\"Perfumes de Equivalencia\",\"potentialAction\":[{\"@type\":\"SearchAction\",\"target\":{\"@type\":\"EntryPoint\",\"urlTemplate\":\"https:\\\/\\\/perfumesdetentacion.com\\\/?s={search_term_string}\"},\"query-input\":{\"@type\":\"PropertyValueSpecification\",\"valueRequired\":true,\"valueName\":\"search_term_string\"}}],\"inLanguage\":\"es\"},{\"@type\":\"Organization\",\"@id\":\"https:\\\/\\\/perfumesdetentacion.com\\\/#organization\",\"name\":\"Perfumes de Tentaci\u00f3n\",\"url\":\"https:\\\/\\\/perfumesdetentacion.com\\\/\",\"logo\":{\"@type\":\"ImageObject\",\"inLanguage\":\"es\",\"@id\":\"https:\\\/\\\/perfumesdetentacion.com\\\/#\\\/schema\\\/logo\\\/image\\\/\",\"url\":\"https:\\\/\\\/perfumesdetentacion.com\\\/wp-content\\\/uploads\\\/2024\\\/03\\\/pizap.jpg\",\"contentUrl\":\"https:\\\/\\\/perfumesdetentacion.com\\\/wp-content\\\/uploads\\\/2024\\\/03\\\/pizap.jpg\",\"width\":885,\"height\":477,\"caption\":\"Perfumes de Tentaci\u00f3n\"},\"image\":{\"@id\":\"https:\\\/\\\/perfumesdetentacion.com\\\/#\\\/schema\\\/logo\\\/image\\\/\"},\"sameAs\":[\"https:\\\/\\\/www.facebook.com\\\/PerfumesdeTentacion\\\/\"]}]}<\/script>\n<!-- \/ Yoast SEO plugin. -->","yoast_head_json":{"title":"Aviso Legal - Perfumes de Tentaci\u00f3n","robots":{"index":"noindex","follow":"nofollow"},"og_locale":"es_ES","og_type":"article","og_title":"Aviso Legal - Perfumes de Tentaci\u00f3n","og_description":"Aviso Legal Cl\u00e1usula informativa (art. 5 LOPD) En cumplimiento con lo establecido en la Ley Org\u00e1nica 15\/1999, de 13 de diciembre, de Protecci\u00f3n de Datos de Car\u00e1cter Personal, le informamos que sus datos personales ser\u00e1n tratados y quedar\u00e1n incorporados en ficheros responsabilidad de PERFUMES DE TENTACI\u00d3N registrados en la Agencia Espa\u00f1ola de Protecci\u00f3n de Datos. ... Leer m\u00e1s","og_url":"https:\/\/perfumesdetentacion.com\/index.php\/aviso-legal\/","og_site_name":"Perfumes de Tentaci\u00f3n","article_publisher":"https:\/\/www.facebook.com\/PerfumesdeTentacion\/","article_modified_time":"2024-03-05T18:05:53+00:00","twitter_card":"summary_large_image","twitter_misc":{"Tiempo de lectura":"2 minutos"},"schema":{"@context":"https:\/\/schema.org","@graph":[{"@type":"WebPage","@id":"https:\/\/perfumesdetentacion.com\/index.php\/aviso-legal\/","url":"https:\/\/perfumesdetentacion.com\/index.php\/aviso-legal\/","name":"Aviso Legal - Perfumes de Tentaci\u00f3n","isPartOf":{"@id":"https:\/\/perfumesdetentacion.com\/#website"},"datePublished":"2024-03-01T23:47:50+00:00","dateModified":"2024-03-05T18:05:53+00:00","breadcrumb":{"@id":"https:\/\/perfumesdetentacion.com\/index.php\/aviso-legal\/#breadcrumb"},"inLanguage":"es","potentialAction":[{"@type":"ReadAction","target":["https:\/\/perfumesdetentacion.com\/index.php\/aviso-legal\/"]}]},{"@type":"BreadcrumbList","@id":"https:\/\/perfumesdetentacion.com\/index.php\/aviso-legal\/#breadcrumb","itemListElement":[{"@type":"ListItem","position":1,"name":"Portada","item":"https:\/\/perfumesdetentacion.com\/"},{"@type":"ListItem","position":2,"name":"Aviso Legal"}]},{"@type":"WebSite","@id":"https:\/\/perfumesdetentacion.com\/#website","url":"https:\/\/perfumesdetentacion.com\/","name":"Perfumes de Tentaci\u00f3n","description":"Perfumes de Equivalencia de buena calidad al mejor precio.","publisher":{"@id":"https:\/\/perfumesdetentacion.com\/#organization"},"alternateName":"Perfumes de Equivalencia","potentialAction":[{"@type":"SearchAction","target":{"@type":"EntryPoint","urlTemplate":"https:\/\/perfumesdetentacion.com\/?s={search_term_string}"},"query-input":{"@type":"PropertyValueSpecification","valueRequired":true,"valueName":"search_term_string"}}],"inLanguage":"es"},{"@type":"Organization","@id":"https:\/\/perfumesdetentacion.com\/#organization","name":"Perfumes de Tentaci\u00f3n","url":"https:\/\/perfumesdetentacion.com\/","logo":{"@type":"ImageObject","inLanguage":"es","@id":"https:\/\/perfumesdetentacion.com\/#\/schema\/logo\/image\/","url":"https:\/\/perfumesdetentacion.com\/wp-content\/uploads\/2024\/03\/pizap.jpg","contentUrl":"https:\/\/perfumesdetentacion.com\/wp-content\/uploads\/2024\/03\/pizap.jpg","width":885,"height":477,"caption":"Perfumes de Tentaci\u00f3n"},"image":{"@id":"https:\/\/perfumesdetentacion.com\/#\/schema\/logo\/image\/"},"sameAs":["https:\/\/www.facebook.com\/PerfumesdeTentacion\/"]}]}},"_links":{"self":[{"href":"https:\/\/perfumesdetentacion.com\/index.php\/wp-json\/wp\/v2\/pages\/575","targetHints":{"allow":["GET"]}}],"collection":[{"href":"https:\/\/perfumesdetentacion.com\/index.php\/wp-json\/wp\/v2\/pages"}],"about":[{"href":"https:\/\/perfumesdetentacion.com\/index.php\/wp-json\/wp\/v2\/types\/page"}],"author":[{"embeddable":true,"href":"https:\/\/perfumesdetentacion.com\/index.php\/wp-json\/wp\/v2\/users\/1"}],"replies":[{"embeddable":true,"href":"https:\/\/perfumesdetentacion.com\/index.php\/wp-json\/wp\/v2\/comments?post=575"}],"version-history":[{"count":7,"href":"https:\/\/perfumesdetentacion.com\/index.php\/wp-json\/wp\/v2\/pages\/575\/revisions"}],"predecessor-version":[{"id":583,"href":"https:\/\/perfumesdetentacion.com\/index.php\/wp-json\/wp\/v2\/pages\/575\/revisions\/583"}],"wp:attachment":[{"href":"https:\/\/perfumesdetentacion.com\/index.php\/wp-json\/wp\/v2\/media?parent=575"}],"curies":[{"name":"wp","href":"https:\/\/api.w.org\/{rel}","templated":true}]}}