{"id":503,"date":"2024-03-01T23:42:54","date_gmt":"2024-03-01T22:42:54","guid":{"rendered":"https:\/\/perfumesdetentacion.com\/?page_id=503"},"modified":"2024-03-23T15:13:42","modified_gmt":"2024-03-23T14:13:42","slug":"perfumes","status":"publish","type":"page","link":"https:\/\/perfumesdetentacion.com\/index.php\/perfumes\/","title":{"rendered":"Perfumes"},"content":{"rendered":"\t\t<div data-elementor-type=\"wp-page\" data-elementor-id=\"503\" class=\"elementor elementor-503\" data-elementor-post-type=\"page\">\n\t\t\t\t<div class=\"elementor-element elementor-element-105cae5 e-con-full e-flex e-con e-parent\" data-id=\"105cae5\" data-element_type=\"container\" data-e-type=\"container\" data-settings=\"{&quot;background_background&quot;:&quot;classic&quot;}\">\n\t\t\t\t<div class=\"elementor-element elementor-element-b9daf2d elementor-widget elementor-widget-spacer\" data-id=\"b9daf2d\" data-element_type=\"widget\" data-e-type=\"widget\" data-widget_type=\"spacer.default\">\n\t\t\t\t<div class=\"elementor-widget-container\">\n\t\t\t\t\t\t\t<div class=\"elementor-spacer\">\n\t\t\t<div class=\"elementor-spacer-inner\"><\/div>\n\t\t<\/div>\n\t\t\t\t\t\t<\/div>\n\t\t\t\t<\/div>\n\t\t\t\t<div class=\"elementor-element elementor-element-4369c72 elementor-widget elementor-widget-heading\" data-id=\"4369c72\" data-element_type=\"widget\" data-e-type=\"widget\" data-widget_type=\"heading.default\">\n\t\t\t\t<div class=\"elementor-widget-container\">\n\t\t\t\t\t<h2 class=\"elementor-heading-title elementor-size-default\">Perfumes<\/h2>\t\t\t\t<\/div>\n\t\t\t\t<\/div>\n\t\t\t\t<div class=\"elementor-element elementor-element-4985637 elementor-widget elementor-widget-spacer\" data-id=\"4985637\" data-element_type=\"widget\" data-e-type=\"widget\" data-widget_type=\"spacer.default\">\n\t\t\t\t<div class=\"elementor-widget-container\">\n\t\t\t\t\t\t\t<div class=\"elementor-spacer\">\n\t\t\t<div class=\"elementor-spacer-inner\"><\/div>\n\t\t<\/div>\n\t\t\t\t\t\t<\/div>\n\t\t\t\t<\/div>\n\t\t\t\t<\/div>\n\t\t<div class=\"elementor-element elementor-element-2d56364 e-flex e-con-boxed e-con e-parent\" data-id=\"2d56364\" data-element_type=\"container\" data-e-type=\"container\">\n\t\t\t\t\t<div class=\"e-con-inner\">\n\t\t\t\t<div class=\"elementor-element elementor-element-4e15669 elementor-widget elementor-widget-image\" data-id=\"4e15669\" data-element_type=\"widget\" data-e-type=\"widget\" data-widget_type=\"image.default\">\n\t\t\t\t<div class=\"elementor-widget-container\">\n\t\t\t\t\t\t\t\t\t\t\t\t\t\t\t\t<a href=\"https:\/\/perfumesdetentacion.com\/index.php\/categoria-producto\/perfumes\/perfumes-de-mujer\/\">\n\t\t\t\t\t\t\t<img fetchpriority=\"high\" decoding=\"async\" width=\"900\" height=\"900\" src=\"https:\/\/perfumesdetentacion.com\/wp-content\/uploads\/2024\/03\/pizap.com15638157644263.jpg\" class=\"attachment-large size-large wp-image-180\" alt=\"\" srcset=\"https:\/\/perfumesdetentacion.com\/wp-content\/uploads\/2024\/03\/pizap.com15638157644263.jpg 948w, https:\/\/perfumesdetentacion.com\/wp-content\/uploads\/2024\/03\/pizap.com15638157644263-300x300.jpg 300w, https:\/\/perfumesdetentacion.com\/wp-content\/uploads\/2024\/03\/pizap.com15638157644263-100x100.jpg 100w, https:\/\/perfumesdetentacion.com\/wp-content\/uploads\/2024\/03\/pizap.com15638157644263-600x600.jpg 600w, https:\/\/perfumesdetentacion.com\/wp-content\/uploads\/2024\/03\/pizap.com15638157644263-150x150.jpg 150w, https:\/\/perfumesdetentacion.com\/wp-content\/uploads\/2024\/03\/pizap.com15638157644263-768x768.jpg 768w\" sizes=\"(max-width: 900px) 100vw, 900px\" \/>\t\t\t\t\t\t\t\t<\/a>\n\t\t\t\t\t\t\t\t\t\t\t\t\t\t\t<\/div>\n\t\t\t\t<\/div>\n\t\t\t\t<div class=\"elementor-element elementor-element-e83bbd1 elementor-widget elementor-widget-image\" data-id=\"e83bbd1\" data-element_type=\"widget\" data-e-type=\"widget\" data-widget_type=\"image.default\">\n\t\t\t\t<div class=\"elementor-widget-container\">\n\t\t\t\t\t\t\t\t\t\t\t\t\t\t\t\t<a href=\"https:\/\/perfumesdetentacion.com\/index.php\/categoria-producto\/perfumes\/perfumes-de-hombre\/\">\n\t\t\t\t\t\t\t<img decoding=\"async\" width=\"900\" height=\"900\" src=\"https:\/\/perfumesdetentacion.com\/wp-content\/uploads\/2024\/03\/pizap.com15638243821942.jpg\" class=\"attachment-large size-large wp-image-181\" alt=\"\" srcset=\"https:\/\/perfumesdetentacion.com\/wp-content\/uploads\/2024\/03\/pizap.com15638243821942.jpg 948w, https:\/\/perfumesdetentacion.com\/wp-content\/uploads\/2024\/03\/pizap.com15638243821942-300x300.jpg 300w, https:\/\/perfumesdetentacion.com\/wp-content\/uploads\/2024\/03\/pizap.com15638243821942-100x100.jpg 100w, https:\/\/perfumesdetentacion.com\/wp-content\/uploads\/2024\/03\/pizap.com15638243821942-600x600.jpg 600w, https:\/\/perfumesdetentacion.com\/wp-content\/uploads\/2024\/03\/pizap.com15638243821942-150x150.jpg 150w, https:\/\/perfumesdetentacion.com\/wp-content\/uploads\/2024\/03\/pizap.com15638243821942-768x768.jpg 768w\" sizes=\"(max-width: 900px) 100vw, 900px\" \/>\t\t\t\t\t\t\t\t<\/a>\n\t\t\t\t\t\t\t\t\t\t\t\t\t\t\t<\/div>\n\t\t\t\t<\/div>\n\t\t\t\t\t<\/div>\n\t\t\t\t<\/div>\n\t\t<div class=\"elementor-element elementor-element-296e5ac e-flex e-con-boxed e-con e-parent\" data-id=\"296e5ac\" data-element_type=\"container\" data-e-type=\"container\">\n\t\t\t\t\t<div class=\"e-con-inner\">\n\t\t\t\t<div class=\"elementor-element elementor-element-3cfbc13 elementor-widget elementor-widget-spacer\" data-id=\"3cfbc13\" data-element_type=\"widget\" data-e-type=\"widget\" data-widget_type=\"spacer.default\">\n\t\t\t\t<div class=\"elementor-widget-container\">\n\t\t\t\t\t\t\t<div class=\"elementor-spacer\">\n\t\t\t<div class=\"elementor-spacer-inner\"><\/div>\n\t\t<\/div>\n\t\t\t\t\t\t<\/div>\n\t\t\t\t<\/div>\n\t\t\t\t<div class=\"elementor-element elementor-element-1de2817 elementor-widget elementor-widget-text-editor\" data-id=\"1de2817\" data-element_type=\"widget\" data-e-type=\"widget\" data-widget_type=\"text-editor.default\">\n\t\t\t\t<div class=\"elementor-widget-container\">\n\t\t\t\t\t\t\t\t\t<h4 style=\"text-align: center;\">Es un detalle muy particular; es como enviar un gran ramillete de flores, o brindar con un coctel de m\u00faltiples sabores.<\/h4><h4 style=\"text-align: center;\">\u00bfLo hab\u00edas pensado?<br \/>Tienes una gran variedad para elegir conforme a tu personalidad: florales, c\u00edtricos, orientales, amaderados\u2026 para todos los gustos.<\/h4><h4 style=\"text-align: center;\">\u00bfQue perfume usas?<br \/>\u00bfSab\u00edas que ahora lo puedes conseguir a un precio mas econ\u00f3mico? Simplemente porque viene en otro frasco y no pagas publicidad.<\/h4><h4 class=\"elementor-heading-title elementor-size-medium\" style=\"text-align: center;\"><span style=\"color: #810779;\">Qu\u00e9 son los perfumes de equivalencia.<\/span><br \/><span style=\"color: #810779;\">Los perfumes de equivalencia o imitaci\u00f3n son perfumes equivalentes en olor a los perfumes de marcas conocidas pero con un precio en ocasiones muy inferior. No hay ninguna patente sobre los aromas, de modo que los perfumes de equivalencia pueden comercializarse siempre que usen marcas propias y envases distintos al del original.<\/span><\/h4><h4 style=\"text-align: center;\"><span style=\"color: #810779;\">Entonces los perfumes de equivalencia tienen la misma fragancia que los perfumes de marca pero en muchos casos pueden costar hasta 10 veces menos. Te preguntar\u00e1s c\u00f3mo es posible.<\/span><\/h4><h4 style=\"text-align: center;\"><span style=\"color: #810779;\">Ocurre algo muy parecido a lo que pasa con las marcas blancas, igual de buenas que las grandes marcas pero m\u00e1s baratas. La clave para poder vender un producto de calidad a un precio tan bajo est\u00e1 en el proceso que va desde la selecci\u00f3n de ingredientes hasta que el perfume llega a comercializarse.<\/span><\/h4><h4 style=\"text-align: center;\"><span style=\"color: #810779;\">Para empezar, mientras que las marcas de perfumes de lujo usan ingredientes muy selectos para elaborar sus fragancias, los perfumes de equivalencia se fabrican a partir de ingredientes m\u00e1s habituales.<\/span><\/h4><h4 style=\"text-align: center;\"><span style=\"color: #810779;\">Esto no quiere decir que sean de menos calidad. De hecho, cuando se trata de oler puede haber poca diferencia entre un perfume de seis euros y uno de cincuenta. Solo los perfumistas podr\u00edan conocer la diferencia.<\/span><\/h4><h4 style=\"text-align: center;\"><span style=\"color: #810779;\">Sin embargo, para la publicidad queda mucho mejor decir que el perfume lleva esencia de una extra\u00f1a variedad de rosas, aunque el olor pueda ser el mismo.<\/span><\/h4><h4 style=\"text-align: center;\"><span style=\"color: #810779;\">Precisamente la publicidad es otro de los factores donde los perfumes de equivalencia ahorran dinero. Estos perfumes no pagan costosas campa\u00f1as de publicidad en prensa y televisi\u00f3n, que luego deben repercutir sobre el precio final.<\/span><\/h4><h4 style=\"text-align: center;\"><span style=\"color: #810779;\">Por \u00faltimo algo que siempre encarece el perfume es el packaging. No exageramos al decir que en algunas grandes marcas el frasco cuesta m\u00e1s que el propio perfume que lleva dentro.<\/span><\/h4><h4 style=\"text-align: center;\"><span style=\"color: #810779;\">As\u00ed pues, algunos creen que el coste exorbitante de perfumes de marca no es m\u00e1s que un producto de envases de fantas\u00eda y costosas campa\u00f1as de publicidad.<\/span><\/h4><h4 style=\"text-align: center;\"><span style=\"color: #810779;\">Ahora que sabes qu\u00e9 son los perfumes de equivalencia, te animamos a darte una vuelta por nuestra tienda online de colonias de imitaci\u00f3n y descubrir nuestras fragancias.<\/span><\/h4><h4 style=\"text-align: center;\"><span style=\"color: #810779;\">Tienes gran variedad para encontrar el perfume ideal para cada ocasi\u00f3n.<\/span><\/h4>\t\t\t\t\t\t\t\t<\/div>\n\t\t\t\t<\/div>\n\t\t\t\t<div class=\"elementor-element elementor-element-c053d2d elementor-widget elementor-widget-spacer\" data-id=\"c053d2d\" data-element_type=\"widget\" data-e-type=\"widget\" data-widget_type=\"spacer.default\">\n\t\t\t\t<div class=\"elementor-widget-container\">\n\t\t\t\t\t\t\t<div class=\"elementor-spacer\">\n\t\t\t<div class=\"elementor-spacer-inner\"><\/div>\n\t\t<\/div>\n\t\t\t\t\t\t<\/div>\n\t\t\t\t<\/div>\n\t\t\t\t\t<\/div>\n\t\t\t\t<\/div>\n\t\t\t\t<\/div>\n\t\t","protected":false},"excerpt":{"rendered":"<p>Perfumes Es un detalle muy particular; es como enviar un gran ramillete de flores, o brindar con un coctel de m\u00faltiples sabores. \u00bfLo hab\u00edas pensado?Tienes una gran variedad para elegir conforme a tu personalidad: florales, c\u00edtricos, orientales, amaderados\u2026 para todos los gustos. \u00bfQue perfume usas?\u00bfSab\u00edas que ahora lo puedes conseguir a un precio mas econ\u00f3mico? &#8230; <a title=\"Perfumes\" class=\"read-more\" href=\"https:\/\/perfumesdetentacion.com\/index.php\/perfumes\/\" aria-label=\"Leer m\u00e1s sobre Perfumes\">Leer m\u00e1s<\/a><\/p>\n","protected":false},"author":1,"featured_media":0,"parent":0,"menu_order":0,"comment_status":"closed","ping_status":"closed","template":"elementor_header_footer","meta":{"footnotes":""},"class_list":["post-503","page","type-page","status-publish"],"yoast_head":"<!-- This site is optimized with the Yoast SEO plugin v27.3 - https:\/\/yoast.com\/product\/yoast-seo-wordpress\/ -->\n<title>Perfumes - Perfumes de Tentaci\u00f3n<\/title>\n<meta name=\"description\" content=\"Perfumes de equivalencia de buena calidad al mejor precio. Tenemos una amplia variedad de perfumes femeninos y masculinos, m\u00e1s de 300 marcas.\" \/>\n<meta name=\"robots\" content=\"index, follow, max-snippet:-1, max-image-preview:large, max-video-preview:-1\" \/>\n<link rel=\"canonical\" href=\"https:\/\/perfumesdetentacion.com\/index.php\/perfumes\/\" \/>\n<meta property=\"og:locale\" content=\"es_ES\" \/>\n<meta property=\"og:type\" content=\"article\" \/>\n<meta property=\"og:title\" content=\"Perfumes - Perfumes de Tentaci\u00f3n\" \/>\n<meta property=\"og:description\" content=\"Perfumes de equivalencia de buena calidad al mejor precio. Tenemos una amplia variedad de perfumes femeninos y masculinos, m\u00e1s de 300 marcas.\" \/>\n<meta property=\"og:url\" content=\"https:\/\/perfumesdetentacion.com\/index.php\/perfumes\/\" \/>\n<meta property=\"og:site_name\" content=\"Perfumes de Tentaci\u00f3n\" \/>\n<meta property=\"article:publisher\" content=\"https:\/\/www.facebook.com\/PerfumesdeTentacion\/\" \/>\n<meta property=\"article:modified_time\" content=\"2024-03-23T14:13:42+00:00\" \/>\n<meta property=\"og:image\" content=\"https:\/\/perfumesdetentacion.com\/wp-content\/uploads\/2024\/03\/pizap.com15638157644263.jpg\" \/>\n<meta name=\"twitter:card\" content=\"summary_large_image\" \/>\n<meta name=\"twitter:label1\" content=\"Tiempo de lectura\" \/>\n\t<meta name=\"twitter:data1\" content=\"3 minutos\" \/>\n<script type=\"application\/ld+json\" class=\"yoast-schema-graph\">{\"@context\":\"https:\\\/\\\/schema.org\",\"@graph\":[{\"@type\":\"WebPage\",\"@id\":\"https:\\\/\\\/perfumesdetentacion.com\\\/index.php\\\/perfumes\\\/\",\"url\":\"https:\\\/\\\/perfumesdetentacion.com\\\/index.php\\\/perfumes\\\/\",\"name\":\"Perfumes - Perfumes de Tentaci\u00f3n\",\"isPartOf\":{\"@id\":\"https:\\\/\\\/perfumesdetentacion.com\\\/#website\"},\"primaryImageOfPage\":{\"@id\":\"https:\\\/\\\/perfumesdetentacion.com\\\/index.php\\\/perfumes\\\/#primaryimage\"},\"image\":{\"@id\":\"https:\\\/\\\/perfumesdetentacion.com\\\/index.php\\\/perfumes\\\/#primaryimage\"},\"thumbnailUrl\":\"https:\\\/\\\/perfumesdetentacion.com\\\/wp-content\\\/uploads\\\/2024\\\/03\\\/pizap.com15638157644263.jpg\",\"datePublished\":\"2024-03-01T22:42:54+00:00\",\"dateModified\":\"2024-03-23T14:13:42+00:00\",\"description\":\"Perfumes de equivalencia de buena calidad al mejor precio. Tenemos una amplia variedad de perfumes femeninos y masculinos, m\u00e1s de 300 marcas.\",\"breadcrumb\":{\"@id\":\"https:\\\/\\\/perfumesdetentacion.com\\\/index.php\\\/perfumes\\\/#breadcrumb\"},\"inLanguage\":\"es\",\"potentialAction\":[{\"@type\":\"ReadAction\",\"target\":[\"https:\\\/\\\/perfumesdetentacion.com\\\/index.php\\\/perfumes\\\/\"]}]},{\"@type\":\"ImageObject\",\"inLanguage\":\"es\",\"@id\":\"https:\\\/\\\/perfumesdetentacion.com\\\/index.php\\\/perfumes\\\/#primaryimage\",\"url\":\"https:\\\/\\\/perfumesdetentacion.com\\\/wp-content\\\/uploads\\\/2024\\\/03\\\/pizap.com15638157644263.jpg\",\"contentUrl\":\"https:\\\/\\\/perfumesdetentacion.com\\\/wp-content\\\/uploads\\\/2024\\\/03\\\/pizap.com15638157644263.jpg\",\"width\":948,\"height\":948},{\"@type\":\"BreadcrumbList\",\"@id\":\"https:\\\/\\\/perfumesdetentacion.com\\\/index.php\\\/perfumes\\\/#breadcrumb\",\"itemListElement\":[{\"@type\":\"ListItem\",\"position\":1,\"name\":\"Portada\",\"item\":\"https:\\\/\\\/perfumesdetentacion.com\\\/\"},{\"@type\":\"ListItem\",\"position\":2,\"name\":\"Perfumes\"}]},{\"@type\":\"WebSite\",\"@id\":\"https:\\\/\\\/perfumesdetentacion.com\\\/#website\",\"url\":\"https:\\\/\\\/perfumesdetentacion.com\\\/\",\"name\":\"Perfumes de Tentaci\u00f3n\",\"description\":\"Perfumes de Equivalencia de buena calidad al mejor precio.\",\"publisher\":{\"@id\":\"https:\\\/\\\/perfumesdetentacion.com\\\/#organization\"},\"alternateName\":\"Perfumes de Equivalencia\",\"potentialAction\":[{\"@type\":\"SearchAction\",\"target\":{\"@type\":\"EntryPoint\",\"urlTemplate\":\"https:\\\/\\\/perfumesdetentacion.com\\\/?s={search_term_string}\"},\"query-input\":{\"@type\":\"PropertyValueSpecification\",\"valueRequired\":true,\"valueName\":\"search_term_string\"}}],\"inLanguage\":\"es\"},{\"@type\":\"Organization\",\"@id\":\"https:\\\/\\\/perfumesdetentacion.com\\\/#organization\",\"name\":\"Perfumes de Tentaci\u00f3n\",\"url\":\"https:\\\/\\\/perfumesdetentacion.com\\\/\",\"logo\":{\"@type\":\"ImageObject\",\"inLanguage\":\"es\",\"@id\":\"https:\\\/\\\/perfumesdetentacion.com\\\/#\\\/schema\\\/logo\\\/image\\\/\",\"url\":\"https:\\\/\\\/perfumesdetentacion.com\\\/wp-content\\\/uploads\\\/2024\\\/03\\\/pizap.jpg\",\"contentUrl\":\"https:\\\/\\\/perfumesdetentacion.com\\\/wp-content\\\/uploads\\\/2024\\\/03\\\/pizap.jpg\",\"width\":885,\"height\":477,\"caption\":\"Perfumes de Tentaci\u00f3n\"},\"image\":{\"@id\":\"https:\\\/\\\/perfumesdetentacion.com\\\/#\\\/schema\\\/logo\\\/image\\\/\"},\"sameAs\":[\"https:\\\/\\\/www.facebook.com\\\/PerfumesdeTentacion\\\/\"]}]}<\/script>\n<!-- \/ Yoast SEO plugin. -->","yoast_head_json":{"title":"Perfumes - Perfumes de Tentaci\u00f3n","description":"Perfumes de equivalencia de buena calidad al mejor precio. Tenemos una amplia variedad de perfumes femeninos y masculinos, m\u00e1s de 300 marcas.","robots":{"index":"index","follow":"follow","max-snippet":"max-snippet:-1","max-image-preview":"max-image-preview:large","max-video-preview":"max-video-preview:-1"},"canonical":"https:\/\/perfumesdetentacion.com\/index.php\/perfumes\/","og_locale":"es_ES","og_type":"article","og_title":"Perfumes - Perfumes de Tentaci\u00f3n","og_description":"Perfumes de equivalencia de buena calidad al mejor precio. Tenemos una amplia variedad de perfumes femeninos y masculinos, m\u00e1s de 300 marcas.","og_url":"https:\/\/perfumesdetentacion.com\/index.php\/perfumes\/","og_site_name":"Perfumes de Tentaci\u00f3n","article_publisher":"https:\/\/www.facebook.com\/PerfumesdeTentacion\/","article_modified_time":"2024-03-23T14:13:42+00:00","og_image":[{"url":"https:\/\/perfumesdetentacion.com\/wp-content\/uploads\/2024\/03\/pizap.com15638157644263.jpg","type":"","width":"","height":""}],"twitter_card":"summary_large_image","twitter_misc":{"Tiempo de lectura":"3 minutos"},"schema":{"@context":"https:\/\/schema.org","@graph":[{"@type":"WebPage","@id":"https:\/\/perfumesdetentacion.com\/index.php\/perfumes\/","url":"https:\/\/perfumesdetentacion.com\/index.php\/perfumes\/","name":"Perfumes - Perfumes de Tentaci\u00f3n","isPartOf":{"@id":"https:\/\/perfumesdetentacion.com\/#website"},"primaryImageOfPage":{"@id":"https:\/\/perfumesdetentacion.com\/index.php\/perfumes\/#primaryimage"},"image":{"@id":"https:\/\/perfumesdetentacion.com\/index.php\/perfumes\/#primaryimage"},"thumbnailUrl":"https:\/\/perfumesdetentacion.com\/wp-content\/uploads\/2024\/03\/pizap.com15638157644263.jpg","datePublished":"2024-03-01T22:42:54+00:00","dateModified":"2024-03-23T14:13:42+00:00","description":"Perfumes de equivalencia de buena calidad al mejor precio. Tenemos una amplia variedad de perfumes femeninos y masculinos, m\u00e1s de 300 marcas.","breadcrumb":{"@id":"https:\/\/perfumesdetentacion.com\/index.php\/perfumes\/#breadcrumb"},"inLanguage":"es","potentialAction":[{"@type":"ReadAction","target":["https:\/\/perfumesdetentacion.com\/index.php\/perfumes\/"]}]},{"@type":"ImageObject","inLanguage":"es","@id":"https:\/\/perfumesdetentacion.com\/index.php\/perfumes\/#primaryimage","url":"https:\/\/perfumesdetentacion.com\/wp-content\/uploads\/2024\/03\/pizap.com15638157644263.jpg","contentUrl":"https:\/\/perfumesdetentacion.com\/wp-content\/uploads\/2024\/03\/pizap.com15638157644263.jpg","width":948,"height":948},{"@type":"BreadcrumbList","@id":"https:\/\/perfumesdetentacion.com\/index.php\/perfumes\/#breadcrumb","itemListElement":[{"@type":"ListItem","position":1,"name":"Portada","item":"https:\/\/perfumesdetentacion.com\/"},{"@type":"ListItem","position":2,"name":"Perfumes"}]},{"@type":"WebSite","@id":"https:\/\/perfumesdetentacion.com\/#website","url":"https:\/\/perfumesdetentacion.com\/","name":"Perfumes de Tentaci\u00f3n","description":"Perfumes de Equivalencia de buena calidad al mejor precio.","publisher":{"@id":"https:\/\/perfumesdetentacion.com\/#organization"},"alternateName":"Perfumes de Equivalencia","potentialAction":[{"@type":"SearchAction","target":{"@type":"EntryPoint","urlTemplate":"https:\/\/perfumesdetentacion.com\/?s={search_term_string}"},"query-input":{"@type":"PropertyValueSpecification","valueRequired":true,"valueName":"search_term_string"}}],"inLanguage":"es"},{"@type":"Organization","@id":"https:\/\/perfumesdetentacion.com\/#organization","name":"Perfumes de Tentaci\u00f3n","url":"https:\/\/perfumesdetentacion.com\/","logo":{"@type":"ImageObject","inLanguage":"es","@id":"https:\/\/perfumesdetentacion.com\/#\/schema\/logo\/image\/","url":"https:\/\/perfumesdetentacion.com\/wp-content\/uploads\/2024\/03\/pizap.jpg","contentUrl":"https:\/\/perfumesdetentacion.com\/wp-content\/uploads\/2024\/03\/pizap.jpg","width":885,"height":477,"caption":"Perfumes de Tentaci\u00f3n"},"image":{"@id":"https:\/\/perfumesdetentacion.com\/#\/schema\/logo\/image\/"},"sameAs":["https:\/\/www.facebook.com\/PerfumesdeTentacion\/"]}]}},"_links":{"self":[{"href":"https:\/\/perfumesdetentacion.com\/index.php\/wp-json\/wp\/v2\/pages\/503","targetHints":{"allow":["GET"]}}],"collection":[{"href":"https:\/\/perfumesdetentacion.com\/index.php\/wp-json\/wp\/v2\/pages"}],"about":[{"href":"https:\/\/perfumesdetentacion.com\/index.php\/wp-json\/wp\/v2\/types\/page"}],"author":[{"embeddable":true,"href":"https:\/\/perfumesdetentacion.com\/index.php\/wp-json\/wp\/v2\/users\/1"}],"replies":[{"embeddable":true,"href":"https:\/\/perfumesdetentacion.com\/index.php\/wp-json\/wp\/v2\/comments?post=503"}],"version-history":[{"count":49,"href":"https:\/\/perfumesdetentacion.com\/index.php\/wp-json\/wp\/v2\/pages\/503\/revisions"}],"predecessor-version":[{"id":900,"href":"https:\/\/perfumesdetentacion.com\/index.php\/wp-json\/wp\/v2\/pages\/503\/revisions\/900"}],"wp:attachment":[{"href":"https:\/\/perfumesdetentacion.com\/index.php\/wp-json\/wp\/v2\/media?parent=503"}],"curies":[{"name":"wp","href":"https:\/\/api.w.org\/{rel}","templated":true}]}}